{"id":133,"date":"2022-11-04T15:22:07","date_gmt":"2022-11-04T14:22:07","guid":{"rendered":"https:\/\/buerocenterluetzowplatz.com\/?page_id=133"},"modified":"2025-06-18T09:51:24","modified_gmt":"2025-06-18T07:51:24","slug":"impressum","status":"publish","type":"page","link":"https:\/\/buerocenterluetzowplatz.com\/index.php\/impressum\/","title":{"rendered":"Impressum"},"content":{"rendered":"<div id='av_section_1'  class='avia-section av-wz14l-04c4b92f259cd270bab4d6f17d6fba57 main_color avia-section-default avia-no-border-styling  avia-builder-el-0  avia-builder-el-no-sibling  avia-bg-style-scroll container_wrap sidebar_right'  ><div class='container av-section-cont-open' ><main  role=\"main\" itemprop=\"mainContentOfPage\"  class='template-page content  av-content-small alpha units'><div class='post-entry post-entry-type-page post-entry-133'><div class='entry-content-wrapper clearfix'>\n<div  class='flex_column av-ppy7h-57eadea34fb475cbd786992415f36481 av_one_half  avia-builder-el-1  el_before_av_one_half  avia-builder-el-first  first flex_column_div  '     ><section  class='av_textblock_section av-lk68d-ec17956f5a853196c3b82fcb60a2dc4b '   itemscope=\"itemscope\" itemtype=\"https:\/\/schema.org\/CreativeWork\" ><div class='avia_textblock'  itemprop=\"text\" ><h3>Impressum<\/h3>\n<p><strong>B\u00fcrocenter L\u00fctzowplatz Gmbh &amp; Co. eGbR<br \/>\n<\/strong>c\/o Heintz &amp; Co. KG<br \/>\nMaximilianstra\u00dfe 21<br \/>\n80539 M\u00fcnchen<\/p>\n<p><strong>Vertreten durch:<\/strong><br \/>\nDr. Florian Busse<\/p>\n<h3>Kontakt<\/h3>\n<p>E-Mail: vermietung@bhb-immo.com<\/p>\n<h3>EU-Streitschlichtung<\/h3>\n<p>Die Europ\u00e4ische Kommission stellt eine Plattform zur Online-Streitbeilegung (OS) bereit: <a href=\"https:\/\/ec.europa.eu\/consumers\/odr\/\" target=\"_blank\" rel=\"noopener noreferrer\">https:\/\/ec.europa.eu\/consumers\/odr\/<\/a>.<br \/>\nUnsere E-Mail-Adresse finden Sie oben im Impressum.<\/p>\n<h3>Verbraucher\u00adstreit\u00adbeilegung\/Universal\u00adschlichtungs\u00adstelle<\/h3>\n<p>Wir sind nicht bereit oder verpflichtet, an Streitbeilegungsverfahren vor einer Verbraucherschlichtungsstelle teilzunehmen.<\/p>\n<h3>Konzept &amp; Realisation<\/h3>\n<p><a href=\"https:\/\/www.agentur-tricon.de\">Agentur TRICON<\/a><\/p>\n<\/div><\/section><\/div><div  class='flex_column av-1nbwl-9074cc73ea36fe4545aa2ad376dc61bf av_one_half  avia-builder-el-3  el_after_av_one_half  avia-builder-el-last  flex_column_div  '     ><section  class='av_textblock_section av-8wetp-5e19ecd3e7702f007c2dc8e86140a3fb '   itemscope=\"itemscope\" itemtype=\"https:\/\/schema.org\/CreativeWork\" ><div class='avia_textblock'  itemprop=\"text\" ><h3>Urheberrecht<\/h3>\n<p>Die durch die Seitenbetreiber erstellten Inhalte und Werke auf diesen Seiten unterliegen dem deutschen Urheberrecht. Die Vervielf\u00e4ltigung, Bearbeitung, Verbreitung und jede Art der Verwertung au\u00dferhalb der Grenzen des Urheberrechtes bed\u00fcrfen der schriftlichen Zustimmung des jeweiligen Autors bzw. Erstellers. Downloads und Kopien dieser Seite sind nur f\u00fcr den privaten, nicht kommerziellen Gebrauch gestattet. Soweit die Inhalte auf dieser Seite nicht vom Betreiber erstellt wurden, werden die Urheberrechte Dritter beachtet. Insbesondere werden Inhalte Dritter als solche gekennzeichnet. Sollten Sie trotzdem auf eine Urheberrechtsverletzung aufmerksam werden, bitten wir um einen entsprechenden Hinweis. Bei Bekanntwerden von Rechtsverletzungen werden wir derartige Inhalte umgehend entfernen.<\/p>\n<\/div><\/section><\/div><\/div><\/div><\/main><!-- close content main element --><\/div><\/div><div id='after_section_1'  class='main_color av_default_container_wrap container_wrap sidebar_right'  ><div class='container av-section-cont-open' ><div class='template-page content  av-content-small alpha units'><div class='post-entry post-entry-type-page post-entry-133'><div class='entry-content-wrapper clearfix'>\n","protected":false},"excerpt":{"rendered":"","protected":false},"author":1,"featured_media":0,"parent":0,"menu_order":0,"comment_status":"closed","ping_status":"closed","template":"","meta":{"footnotes":""},"class_list":["post-133","page","type-page","status-publish","hentry"],"yoast_head":"<!-- This site is optimized with the Yoast SEO plugin v23.7 - https:\/\/yoast.com\/wordpress\/plugins\/seo\/ -->\n<title>Impressum - Buerocenter L\u00fctzowplatz<\/title>\n<meta name=\"robots\" content=\"index, follow, max-snippet:-1, max-image-preview:large, max-video-preview:-1\" \/>\n<link rel=\"canonical\" href=\"https:\/\/buerocenterluetzowplatz.com\/index.php\/impressum\/\" \/>\n<meta property=\"og:locale\" content=\"de_DE\" \/>\n<meta property=\"og:type\" content=\"article\" \/>\n<meta property=\"og:title\" content=\"Impressum - Buerocenter L\u00fctzowplatz\" \/>\n<meta property=\"og:url\" content=\"https:\/\/buerocenterluetzowplatz.com\/index.php\/impressum\/\" \/>\n<meta property=\"og:site_name\" content=\"Buerocenter L\u00fctzowplatz\" \/>\n<meta property=\"article:modified_time\" content=\"2025-06-18T07:51:24+00:00\" \/>\n<meta name=\"twitter:card\" content=\"summary_large_image\" \/>\n<meta name=\"twitter:label1\" content=\"Gesch\u00e4tzte Lesezeit\" \/>\n\t<meta name=\"twitter:data1\" content=\"1 Minute\" \/>\n<script type=\"application\/ld+json\" class=\"yoast-schema-graph\">{\"@context\":\"https:\/\/schema.org\",\"@graph\":[{\"@type\":\"WebPage\",\"@id\":\"https:\/\/buerocenterluetzowplatz.com\/index.php\/impressum\/\",\"url\":\"https:\/\/buerocenterluetzowplatz.com\/index.php\/impressum\/\",\"name\":\"Impressum - Buerocenter L\u00fctzowplatz\",\"isPartOf\":{\"@id\":\"https:\/\/buerocenterluetzowplatz.com\/#website\"},\"datePublished\":\"2022-11-04T14:22:07+00:00\",\"dateModified\":\"2025-06-18T07:51:24+00:00\",\"breadcrumb\":{\"@id\":\"https:\/\/buerocenterluetzowplatz.com\/index.php\/impressum\/#breadcrumb\"},\"inLanguage\":\"de\",\"potentialAction\":[{\"@type\":\"ReadAction\",\"target\":[\"https:\/\/buerocenterluetzowplatz.com\/index.php\/impressum\/\"]}]},{\"@type\":\"BreadcrumbList\",\"@id\":\"https:\/\/buerocenterluetzowplatz.com\/index.php\/impressum\/#breadcrumb\",\"itemListElement\":[{\"@type\":\"ListItem\",\"position\":1,\"name\":\"Startseite\",\"item\":\"https:\/\/buerocenterluetzowplatz.com\/index.php\/buerocenter-luetzowplatz\/\"},{\"@type\":\"ListItem\",\"position\":2,\"name\":\"Impressum\"}]},{\"@type\":\"WebSite\",\"@id\":\"https:\/\/buerocenterluetzowplatz.com\/#website\",\"url\":\"https:\/\/buerocenterluetzowplatz.com\/\",\"name\":\"Buerocenter L\u00fctzowplatz\",\"description\":\"Gro\u00dfz\u00fcgige B\u00fcrofl\u00e4chen im Herzen Berlins.\",\"potentialAction\":[{\"@type\":\"SearchAction\",\"target\":{\"@type\":\"EntryPoint\",\"urlTemplate\":\"https:\/\/buerocenterluetzowplatz.com\/?s={search_term_string}\"},\"query-input\":{\"@type\":\"PropertyValueSpecification\",\"valueRequired\":true,\"valueName\":\"search_term_string\"}}],\"inLanguage\":\"de\"}]}<\/script>\n<!-- \/ Yoast SEO plugin. -->","yoast_head_json":{"title":"Impressum - Buerocenter L\u00fctzowplatz","robots":{"index":"index","follow":"follow","max-snippet":"max-snippet:-1","max-image-preview":"max-image-preview:large","max-video-preview":"max-video-preview:-1"},"canonical":"https:\/\/buerocenterluetzowplatz.com\/index.php\/impressum\/","og_locale":"de_DE","og_type":"article","og_title":"Impressum - Buerocenter L\u00fctzowplatz","og_url":"https:\/\/buerocenterluetzowplatz.com\/index.php\/impressum\/","og_site_name":"Buerocenter L\u00fctzowplatz","article_modified_time":"2025-06-18T07:51:24+00:00","twitter_card":"summary_large_image","twitter_misc":{"Gesch\u00e4tzte Lesezeit":"1 Minute"},"schema":{"@context":"https:\/\/schema.org","@graph":[{"@type":"WebPage","@id":"https:\/\/buerocenterluetzowplatz.com\/index.php\/impressum\/","url":"https:\/\/buerocenterluetzowplatz.com\/index.php\/impressum\/","name":"Impressum - Buerocenter L\u00fctzowplatz","isPartOf":{"@id":"https:\/\/buerocenterluetzowplatz.com\/#website"},"datePublished":"2022-11-04T14:22:07+00:00","dateModified":"2025-06-18T07:51:24+00:00","breadcrumb":{"@id":"https:\/\/buerocenterluetzowplatz.com\/index.php\/impressum\/#breadcrumb"},"inLanguage":"de","potentialAction":[{"@type":"ReadAction","target":["https:\/\/buerocenterluetzowplatz.com\/index.php\/impressum\/"]}]},{"@type":"BreadcrumbList","@id":"https:\/\/buerocenterluetzowplatz.com\/index.php\/impressum\/#breadcrumb","itemListElement":[{"@type":"ListItem","position":1,"name":"Startseite","item":"https:\/\/buerocenterluetzowplatz.com\/index.php\/buerocenter-luetzowplatz\/"},{"@type":"ListItem","position":2,"name":"Impressum"}]},{"@type":"WebSite","@id":"https:\/\/buerocenterluetzowplatz.com\/#website","url":"https:\/\/buerocenterluetzowplatz.com\/","name":"Buerocenter L\u00fctzowplatz","description":"Gro\u00dfz\u00fcgige B\u00fcrofl\u00e4chen im Herzen Berlins.","potentialAction":[{"@type":"SearchAction","target":{"@type":"EntryPoint","urlTemplate":"https:\/\/buerocenterluetzowplatz.com\/?s={search_term_string}"},"query-input":{"@type":"PropertyValueSpecification","valueRequired":true,"valueName":"search_term_string"}}],"inLanguage":"de"}]}},"_links":{"self":[{"href":"https:\/\/buerocenterluetzowplatz.com\/index.php\/wp-json\/wp\/v2\/pages\/133"}],"collection":[{"href":"https:\/\/buerocenterluetzowplatz.com\/index.php\/wp-json\/wp\/v2\/pages"}],"about":[{"href":"https:\/\/buerocenterluetzowplatz.com\/index.php\/wp-json\/wp\/v2\/types\/page"}],"author":[{"embeddable":true,"href":"https:\/\/buerocenterluetzowplatz.com\/index.php\/wp-json\/wp\/v2\/users\/1"}],"replies":[{"embeddable":true,"href":"https:\/\/buerocenterluetzowplatz.com\/index.php\/wp-json\/wp\/v2\/comments?post=133"}],"version-history":[{"count":11,"href":"https:\/\/buerocenterluetzowplatz.com\/index.php\/wp-json\/wp\/v2\/pages\/133\/revisions"}],"predecessor-version":[{"id":362,"href":"https:\/\/buerocenterluetzowplatz.com\/index.php\/wp-json\/wp\/v2\/pages\/133\/revisions\/362"}],"wp:attachment":[{"href":"https:\/\/buerocenterluetzowplatz.com\/index.php\/wp-json\/wp\/v2\/media?parent=133"}],"curies":[{"name":"wp","href":"https:\/\/api.w.org\/{rel}","templated":true}]}}