{"id":287,"date":"2023-03-17T18:28:58","date_gmt":"2023-03-17T17:28:58","guid":{"rendered":"https:\/\/buerocenterluetzowplatz.com\/?page_id=287"},"modified":"2023-03-17T18:28:58","modified_gmt":"2023-03-17T17:28:58","slug":"kontaktformular-gesendet","status":"publish","type":"page","link":"https:\/\/buerocenterluetzowplatz.com\/index.php\/kontaktformular-gesendet\/","title":{"rendered":"Kontaktformular gesendet"},"content":{"rendered":"<h1 style=\"text-align: center;\">Kontaktformular gesendet<\/h1>\n","protected":false},"excerpt":{"rendered":"<p>Kontaktformular gesendet<\/p>\n","protected":false},"author":1,"featured_media":0,"parent":0,"menu_order":0,"comment_status":"closed","ping_status":"closed","template":"","meta":{"footnotes":""},"class_list":["post-287","page","type-page","status-publish","hentry"],"yoast_head":"<!-- This site is optimized with the Yoast SEO plugin v23.7 - https:\/\/yoast.com\/wordpress\/plugins\/seo\/ -->\n<title>Kontaktformular gesendet - Buerocenter L\u00fctzowplatz<\/title>\n<meta name=\"robots\" content=\"index, follow, max-snippet:-1, max-image-preview:large, max-video-preview:-1\" \/>\n<link rel=\"canonical\" href=\"https:\/\/buerocenterluetzowplatz.com\/index.php\/kontaktformular-gesendet\/\" \/>\n<meta property=\"og:locale\" content=\"de_DE\" \/>\n<meta property=\"og:type\" content=\"article\" \/>\n<meta property=\"og:title\" content=\"Kontaktformular gesendet - Buerocenter L\u00fctzowplatz\" \/>\n<meta property=\"og:description\" content=\"Kontaktformular gesendet\" \/>\n<meta property=\"og:url\" content=\"https:\/\/buerocenterluetzowplatz.com\/index.php\/kontaktformular-gesendet\/\" \/>\n<meta property=\"og:site_name\" content=\"Buerocenter L\u00fctzowplatz\" \/>\n<meta name=\"twitter:card\" content=\"summary_large_image\" \/>\n<meta name=\"twitter:label1\" content=\"Gesch\u00e4tzte Lesezeit\" \/>\n\t<meta name=\"twitter:data1\" content=\"1 Minute\" \/>\n<script type=\"application\/ld+json\" class=\"yoast-schema-graph\">{\"@context\":\"https:\/\/schema.org\",\"@graph\":[{\"@type\":\"WebPage\",\"@id\":\"https:\/\/buerocenterluetzowplatz.com\/index.php\/kontaktformular-gesendet\/\",\"url\":\"https:\/\/buerocenterluetzowplatz.com\/index.php\/kontaktformular-gesendet\/\",\"name\":\"Kontaktformular gesendet - Buerocenter L\u00fctzowplatz\",\"isPartOf\":{\"@id\":\"https:\/\/buerocenterluetzowplatz.com\/#website\"},\"datePublished\":\"2023-03-17T17:28:58+00:00\",\"dateModified\":\"2023-03-17T17:28:58+00:00\",\"breadcrumb\":{\"@id\":\"https:\/\/buerocenterluetzowplatz.com\/index.php\/kontaktformular-gesendet\/#breadcrumb\"},\"inLanguage\":\"de\",\"potentialAction\":[{\"@type\":\"ReadAction\",\"target\":[\"https:\/\/buerocenterluetzowplatz.com\/index.php\/kontaktformular-gesendet\/\"]}]},{\"@type\":\"BreadcrumbList\",\"@id\":\"https:\/\/buerocenterluetzowplatz.com\/index.php\/kontaktformular-gesendet\/#breadcrumb\",\"itemListElement\":[{\"@type\":\"ListItem\",\"position\":1,\"name\":\"Startseite\",\"item\":\"https:\/\/buerocenterluetzowplatz.com\/index.php\/buerocenter-luetzowplatz\/\"},{\"@type\":\"ListItem\",\"position\":2,\"name\":\"Kontaktformular gesendet\"}]},{\"@type\":\"WebSite\",\"@id\":\"https:\/\/buerocenterluetzowplatz.com\/#website\",\"url\":\"https:\/\/buerocenterluetzowplatz.com\/\",\"name\":\"Buerocenter L\u00fctzowplatz\",\"description\":\"Gro\u00dfz\u00fcgige B\u00fcrofl\u00e4chen im Herzen Berlins.\",\"potentialAction\":[{\"@type\":\"SearchAction\",\"target\":{\"@type\":\"EntryPoint\",\"urlTemplate\":\"https:\/\/buerocenterluetzowplatz.com\/?s={search_term_string}\"},\"query-input\":{\"@type\":\"PropertyValueSpecification\",\"valueRequired\":true,\"valueName\":\"search_term_string\"}}],\"inLanguage\":\"de\"}]}<\/script>\n<!-- \/ Yoast SEO plugin. -->","yoast_head_json":{"title":"Kontaktformular gesendet - Buerocenter L\u00fctzowplatz","robots":{"index":"index","follow":"follow","max-snippet":"max-snippet:-1","max-image-preview":"max-image-preview:large","max-video-preview":"max-video-preview:-1"},"canonical":"https:\/\/buerocenterluetzowplatz.com\/index.php\/kontaktformular-gesendet\/","og_locale":"de_DE","og_type":"article","og_title":"Kontaktformular gesendet - Buerocenter L\u00fctzowplatz","og_description":"Kontaktformular gesendet","og_url":"https:\/\/buerocenterluetzowplatz.com\/index.php\/kontaktformular-gesendet\/","og_site_name":"Buerocenter L\u00fctzowplatz","twitter_card":"summary_large_image","twitter_misc":{"Gesch\u00e4tzte Lesezeit":"1 Minute"},"schema":{"@context":"https:\/\/schema.org","@graph":[{"@type":"WebPage","@id":"https:\/\/buerocenterluetzowplatz.com\/index.php\/kontaktformular-gesendet\/","url":"https:\/\/buerocenterluetzowplatz.com\/index.php\/kontaktformular-gesendet\/","name":"Kontaktformular gesendet - Buerocenter L\u00fctzowplatz","isPartOf":{"@id":"https:\/\/buerocenterluetzowplatz.com\/#website"},"datePublished":"2023-03-17T17:28:58+00:00","dateModified":"2023-03-17T17:28:58+00:00","breadcrumb":{"@id":"https:\/\/buerocenterluetzowplatz.com\/index.php\/kontaktformular-gesendet\/#breadcrumb"},"inLanguage":"de","potentialAction":[{"@type":"ReadAction","target":["https:\/\/buerocenterluetzowplatz.com\/index.php\/kontaktformular-gesendet\/"]}]},{"@type":"BreadcrumbList","@id":"https:\/\/buerocenterluetzowplatz.com\/index.php\/kontaktformular-gesendet\/#breadcrumb","itemListElement":[{"@type":"ListItem","position":1,"name":"Startseite","item":"https:\/\/buerocenterluetzowplatz.com\/index.php\/buerocenter-luetzowplatz\/"},{"@type":"ListItem","position":2,"name":"Kontaktformular gesendet"}]},{"@type":"WebSite","@id":"https:\/\/buerocenterluetzowplatz.com\/#website","url":"https:\/\/buerocenterluetzowplatz.com\/","name":"Buerocenter L\u00fctzowplatz","description":"Gro\u00dfz\u00fcgige B\u00fcrofl\u00e4chen im Herzen Berlins.","potentialAction":[{"@type":"SearchAction","target":{"@type":"EntryPoint","urlTemplate":"https:\/\/buerocenterluetzowplatz.com\/?s={search_term_string}"},"query-input":{"@type":"PropertyValueSpecification","valueRequired":true,"valueName":"search_term_string"}}],"inLanguage":"de"}]}},"_links":{"self":[{"href":"https:\/\/buerocenterluetzowplatz.com\/index.php\/wp-json\/wp\/v2\/pages\/287"}],"collection":[{"href":"https:\/\/buerocenterluetzowplatz.com\/index.php\/wp-json\/wp\/v2\/pages"}],"about":[{"href":"https:\/\/buerocenterluetzowplatz.com\/index.php\/wp-json\/wp\/v2\/types\/page"}],"author":[{"embeddable":true,"href":"https:\/\/buerocenterluetzowplatz.com\/index.php\/wp-json\/wp\/v2\/users\/1"}],"replies":[{"embeddable":true,"href":"https:\/\/buerocenterluetzowplatz.com\/index.php\/wp-json\/wp\/v2\/comments?post=287"}],"version-history":[{"count":1,"href":"https:\/\/buerocenterluetzowplatz.com\/index.php\/wp-json\/wp\/v2\/pages\/287\/revisions"}],"predecessor-version":[{"id":288,"href":"https:\/\/buerocenterluetzowplatz.com\/index.php\/wp-json\/wp\/v2\/pages\/287\/revisions\/288"}],"wp:attachment":[{"href":"https:\/\/buerocenterluetzowplatz.com\/index.php\/wp-json\/wp\/v2\/media?parent=287"}],"curies":[{"name":"wp","href":"https:\/\/api.w.org\/{rel}","templated":true}]}}